{"id":19,"date":"2014-01-26T15:59:26","date_gmt":"2014-01-26T14:59:26","guid":{"rendered":"http:\/\/atlaskorrektur-berlin.de.dd33514.kasserver.com\/?page_id=19"},"modified":"2017-08-10T12:14:22","modified_gmt":"2017-08-10T10:14:22","slug":"datenschutzerklaerung","status":"publish","type":"page","link":"https:\/\/www.atlaskorrektur-berlin.de\/en\/datenschutzerklaerung\/","title":{"rendered":"Data privacy statement"},"content":{"rendered":"<p>en:<\/p>\n<p>Wir freuen uns \u00fcber Ihr Interesse an unserer Webseite und unserer Praxis. Der Schutz Ihrer personenbezogenen Daten bei der Erhebung, Verarbeitung und Nutzung anl\u00e4sslich Ihres Besuchs auf unserer Website und einer Kontaktierung unserer Praxis via Onlineformular ist uns ein wichtiges Anliegen.<\/p>\n<p>Ihre Daten werden im Rahmen der gesetzlichen Vorschriften gesch\u00fctzt. Nachfolgend finden Sie Informationen, welche Daten w\u00e4hrend Ihres Besuchs auf der Website und nach einer Kontaktaufnahme mit der Praxis Stefan Datt erfasst und wie diese genutzt werden. <em>Wir protokollieren Ihre Zurkenntnisnahme dieser Datenschutzerkl\u00e4rung bei Absenden eines unserer Onlineformulare<\/em>.<\/p>\n<h3>Erhebung und Verarbeitung von Daten<\/h3>\n<p>Jeder Zugriff auf unsere Website und jeder Abruf einer auf unserer Website hinterlegten Datei wird protokolliert. Die Speicherung dient internen systembezogenen und statistischen Zwecken. Protokolliert werden: <em>Name der abgerufenen Datei, Datum und Uhrzeit des Abrufs, \u00fcbertragene Datenmenge, Meldung \u00fcber erfolgreichen Abruf, Webbrowser und anfragende Domain<\/em>.<\/p>\n<p>Weitergehende personenbezogene Daten werden nur dann erfasst, wenn Sie diese Angaben freiwillig, etwa im Rahmen einer Anfrage oder Registrierung, auf unserer Website machen.<\/p>\n<h3>Cookies<\/h3>\n<p>Diese Website nutzt so genannte \u201eCookies\u201c, welche dazu dienen, unsere Internetpr\u00e4senz insgesamt nutzerfreundlicher, effektiver sowie sicherer zu machen \u2013 etwa wenn es darum geht, das Navigieren auf unserer Website zu beschleunigen. Zudem versetzen uns Cookies in die Lage, die H\u00e4ufigkeit von Seitenaufrufen und die allgemeine Navigation zu messen. Bei Cookies handelt es sich um kleine Textdateien, die auf Ihrem Computersystem abgelegt werden. Wir weisen Sie darauf hin, dass einige dieser Cookies von unserem Server auf Ihr Computersystem \u00fcberspielt werden, wobei es sich dabei meist um so genannte &#8220;Session-Cookies&#8221; handelt. &#8220;Session-Cookies&#8221; zeichnen sich dadurch aus, dass diese automatisch nach Ende der Browser-Sitzung wieder von Ihrer Festplatte gel\u00f6scht werden. Andere Cookies verbleiben auf Ihrem Computersystem und erm\u00f6glichen es uns, Ihr Computersystem bei Ihrem n\u00e4chsten Besuch wieder zu erkennen (sog. dauerhafte Cookies). Selbstverst\u00e4ndlich k\u00f6nnen Sie Cookies jederzeit ablehnen, sofern Ihr Browser dies zul\u00e4sst. Bitte beachten Sie, dass bestimmte Funktionen dieser Website m\u00f6glicherweise nicht oder nur eingeschr\u00e4nkt genutzt werden k\u00f6nnen, wenn Ihr Browser so eingestellt ist, dass keine Cookies (unserer Website) angenommen werden.<\/p>\n<h3>Nutzung und Weitergabe personenbezogener Daten<\/h3>\n<p>Soweit Sie uns personenbezogene Daten zur Verf\u00fcgung gestellt haben, verwenden wir diese zur <em>Beantwortung Ihrer Anfragen, zur Abwicklung mit Ihnen geschlossener Vertr\u00e4ge, f\u00fcr die technische Administration und die Zusendung unseres E-Mail-Newsletters<\/em>. Sie haben das Recht, die Nutzung Ihrer Daten zu jeder Zeit mit sofortiger Wirkung f\u00fcr die Zukunft zu untersagen &#8211; sowohl generell f\u00fcr jede Art als auch nur f\u00fcr Teilbereiche der hier aufgef\u00fchrten Praxis-Kommunikation.<\/p>\n<p>Ihre personenbezogenen Daten werden an Dritte nur weitergegeben oder sonst \u00fcbermittelt, wenn dies zum Zwecke der Vertragsabwicklung &#8211; insbesondere die Weitergabe von Bestelldaten an Lieferanten und Subunternehmer &#8211; oder zu Abrechnungszwecken erforderlich ist. Sie haben das Recht, die Weitergabe Ihrer Daten zu jeder Zeit mit sofortiger Wirkung f\u00fcr die Zukunft zu untersagen.<\/p>\n<p>Die L\u00f6schung der gespeicherten personenbezogenen Daten erfolgt, wenn Sie deren Speicherung widerrufen haben, wenn ihre Kenntnis zur Erf\u00fcllung des mit der Speicherung verfolgten Zwecks nicht mehr erforderlich ist oder wenn ihre Speicherung aus sonstigen gesetzlichen Gr\u00fcnden unzul\u00e4ssig ist.<\/p>\n<h3>Auskunftsrecht<\/h3>\n<p>Auf schriftliche Anfrage werden wir Sie gern \u00fcber die zu Ihrer Person gespeicherten Daten informieren.<\/p>\n<h3>Sicherheitshinweis<\/h3>\n<p>Wir sind bem\u00fcht, Ihre personenbezogenen Daten durch Ergreifung aller technischen und organisatorischen M\u00f6glichkeiten so zu speichern, dass sie f\u00fcr Dritte nicht zug\u00e4nglich sind. Bei der Kommunikation per E-Mail k\u00f6nnen wir Ihnen die vollst\u00e4ndige Datensicherheit aber nicht allumfassend gew\u00e4hrleisten, so dass wir Ihnen bei vertraulichen Informationen den Postweg empfehlen.<\/p>\n<h3>Zus\u00e4tzliche Hinweise<\/h3>\n<h4>Verwendung von Google Analytics<\/h4>\n<p>Diese Website benutzt Google Analytics, einen Webanalysedienst der Google Inc. (\u201eGoogle\u201c) Google Analytics verwendet sog. \u201eCookies\u201c, Textdateien, die auf Ihrem Computer gespeichert werden und die eine Analyse der Benutzung der Website durch Sie erm\u00f6glicht. Die durch den Cookie erzeugten Informationen \u00fcber Ihre Benutzung diese Website (einschlie\u00dflich Ihrer IP-Adresse) wird an einen Server von Google in den USA \u00fcbertragen und dort gespeichert. Google wird diese Informationen benutzen, um Ihre Nutzung der Website auszuwerten, um Reports \u00fcber die Websiteaktivit\u00e4ten f\u00fcr die Websitebetreiber zusammenzustellen und um weitere mit der Websitenutzung und der Internetnutzung verbundene Dienstleistungen zu erbringen. Auch wird Google diese Informationen gegebenenfalls an Dritte \u00fcbertragen, sofern dies gesetzlich vorgeschrieben oder soweit Dritte diese Daten im Auftrag von Google verarbeiten. Google wird in keinem Fall Ihre IP-Adresse mit anderen Daten der Google in Verbindung bringen. Sie k\u00f6nnen die Installation der Cookies durch eine entsprechende Einstellung Ihrer Browser Software verhindern; wir weisen Sie jedoch darauf hin, dass Sie in diesem Fall gegebenenfalls nicht s\u00e4mtliche Funktionen dieser Website voll umf\u00e4nglich nutzen k\u00f6nnen. Durch die Nutzung dieser Website erkl\u00e4ren Sie sich mit der Bearbeitung der \u00fcber Sie erhobenen Daten durch Google in der zuvor beschriebenen Art und Weise und zu dem zuvor benannten Zweck einverstanden.<\/p>\n<p>Die Google Trackingcodes dieser Website verwenden die Funktion \u201e_anonymizeIp()\u201c, somit werden IP-Adressen nur gek\u00fcrzt weiterverarbeitet, um eine direkte Personenbeziehbarkeit auszuschlie\u00dfen.<\/p>\n<p>Der Datenerhebung und -speicherung kann jederzeit mit Wirkung f\u00fcr die Zukunft widersprochen werden. Durch L\u00f6schen der Checkbox \u201eZugriffe mit Google Analytics erfassen\u201c wird das Tracking vollst\u00e4ndig unterbunden. Damit der Widerspruch dauerhaft vorgenommen wird, muss Ihr Browser Cookies akzeptieren.<\/p>\n<p>Alternativ k\u00f6nnen Sie der Datenerhebung durch den Einsatz eines <a class=\"external\" href=\"http:\/\/tools.google.com\/dlpage\/gaoptout?hl=de\" target=\"_blank\" rel=\"noopener\">Google Browser-Plugins<\/a> widersprechen.<\/p>\n<p>Um Google Analytics f\u00fcr zuk\u00fcnftige Besuche der Seite \u201cwww.atlaskorrektur-berlin.de\u201d zu deaktivieren klicken hier:<\/p>\n<span style=\"cursor: help; border: 0 none; border-bottom-width: 1px; border-style: dashed;\" title=\"No UA-Code has been entered. Please ask the admin to solve this issue!\">Click here to opt-out.<\/span>\n","protected":false},"excerpt":{"rendered":"<p>en: Wir freuen uns \u00fcber Ihr Interesse an unserer Webseite und unserer Praxis. Der Schutz Ihrer personenbezogenen Daten bei der Erhebung, Verarbeitung und Nutzung anl\u00e4sslich Ihres Besuchs auf unserer Website und einer Kontaktierung unserer Praxis via Onlineformular ist uns ein wichtiges Anliegen. Ihre Daten werden im Rahmen der gesetzlichen Vorschriften gesch\u00fctzt. Nachfolgend finden Sie Informationen, [&hellip;]<\/p>\n","protected":false},"author":3,"featured_media":0,"parent":0,"menu_order":9,"comment_status":"closed","ping_status":"closed","template":"page-templates\/full-width.php","meta":{"footnotes":""},"class_list":["post-19","page","type-page","status-publish","hentry"],"translation":{"provider":"WPGlobus","version":"2.12.2","language":"en","enabled_languages":["de","en"],"languages":{"de":{"title":true,"content":true,"excerpt":false},"en":{"title":true,"content":true,"excerpt":false}}},"_links":{"self":[{"href":"https:\/\/www.atlaskorrektur-berlin.de\/en\/wp-json\/wp\/v2\/pages\/19","targetHints":{"allow":["GET"]}}],"collection":[{"href":"https:\/\/www.atlaskorrektur-berlin.de\/en\/wp-json\/wp\/v2\/pages"}],"about":[{"href":"https:\/\/www.atlaskorrektur-berlin.de\/en\/wp-json\/wp\/v2\/types\/page"}],"author":[{"embeddable":true,"href":"https:\/\/www.atlaskorrektur-berlin.de\/en\/wp-json\/wp\/v2\/users\/3"}],"replies":[{"embeddable":true,"href":"https:\/\/www.atlaskorrektur-berlin.de\/en\/wp-json\/wp\/v2\/comments?post=19"}],"version-history":[{"count":0,"href":"https:\/\/www.atlaskorrektur-berlin.de\/en\/wp-json\/wp\/v2\/pages\/19\/revisions"}],"wp:attachment":[{"href":"https:\/\/www.atlaskorrektur-berlin.de\/en\/wp-json\/wp\/v2\/media?parent=19"}],"curies":[{"name":"wp","href":"https:\/\/api.w.org\/{rel}","templated":true}]}}